{"id":150,"date":"2018-06-15T07:50:55","date_gmt":"2018-06-15T05:50:55","guid":{"rendered":"https:\/\/robustfiber.eu\/?page_id=150"},"modified":"2020-08-17T22:15:31","modified_gmt":"2020-08-17T20:15:31","slug":"about-us","status":"publish","type":"page","link":"https:\/\/robustfiber.eu\/index.php\/about-us\/","title":{"rendered":"About us!"},"content":{"rendered":"<div id=\"gt-res-content\">\n<div id=\"gt-res-dir-ctr\" class=\"trans-verified-button-small\" dir=\"ltr\">\n<p><span id=\"result_box\" lang=\"en\"><span title=\"Sverige beh\u00f6ver fibern\u00e4t som \u00e4r byggda p\u00e5 ett robust s\u00e4tt.\">Sweden needs fiber networks that are built in a robust way. <\/span><span title=\"Robust fiber \u00e4r ett branschgemensamt koncept med syfte att ge tydlig v\u00e4gledning till dig som vill bygga eller upphandla robusta och drifts\u00e4kra fibern\u00e4t. \">Robust fiber is an industry-wide concept designed to provide clear guidance to those who want to build or procure robust and reliable fiber networks.<\/span><\/span><\/p>\n<p><span title=\"Det har hittills inte funnits n\u00e5gon etablerad standard f\u00f6r hur ett n\u00e4t b\u00f6r f\u00f6rl\u00e4ggas f\u00f6r att vara robust och drifts\u00e4kert.\">So far, there has been no established standard for how a network should be placed to be robust and reliable. <\/span><span title=\"Konceptet Robust fiber, d\u00e4r ett stort antal akt\u00f6rer inom telekombranschen samt Post- och telestyrelsen ing\u00e5r, skapades f\u00f6r att hj\u00e4lpa den som arbetar med att best\u00e4lla, bygga eller besiktiga fibern\u00e4t. \">The Robust fiber concept, which includes a large number of telecom and telecom operators, as well as the National Post and Telecom Agency, was created to help the person who works to order, build or inspect fiber networks.<\/span><\/p>\n<p><span title=\"Konceptet har tagit fram anvisningar som \u00e4r t\u00e4nkta att fungera som hj\u00e4lp vid anl\u00e4ggning av fiber.\">The concept has developed instructions that are intended to assist in the construction of fiber. <\/span><span title=\"Anvisningarna beskriver ett antal moment inom exempelvis projektering, f\u00f6rl\u00e4ggningsmetoder i olika markf\u00f6rh\u00e5llanden, materialval, metoder f\u00f6r att bygga robusta noder, samf\u00f6rl\u00e4ggning samt dokumentationsrutiner. \">The instructions describe a number of points in, for example, design, placement methods in different landscape conditions, material choices, robust nodes, collaborative methods and documentation routines.<\/span><\/p>\n<p><span title=\"Anvisningarna beskriver de minimikrav som ska g\u00e4lla n\u00e4r man planerar, projekterar, f\u00f6rl\u00e4gger, dokumenterar och besiktar fibern\u00e4t. \">The instructions describe the minimum requirements that apply when planning, projecting, locating, documenting and inspecting fiber networks.<\/span><\/p>\n<p><span title=\"Konceptet arbetar ocks\u00e5 f\u00f6r att h\u00f6ja kompetensniv\u00e5n om robust fiberanl\u00e4ggning hos f\u00f6retag inom branschen.\">The concept also works to raise the level of competence about robust fiber plants in companies in the industry. <\/span><span title=\"Det finns d\u00e4rf\u00f6r m\u00f6jlighet f\u00f6r f\u00f6retag att certifiera sina verksamheter samt f\u00f6r besiktningsm\u00e4n och anst\u00e4lla att genomg\u00e5 utbildningar Mer information om dessa hittar du p\u00e5 robustfiber.se. \">There is therefore a possibility for companies to certify their activities as well as to surveyors and hire to undergo training. More information about these can be found on robustfiber.se.<\/span><\/p>\n<p><span title=\"Representanter fr\u00e5n nedanst\u00e5ende akt\u00f6rer \u00e4r med i Robust Fibers f\u00f6rvaltningsr\u00e5d: \">Representatives from the following players are in the Robust Fiber Management Council:<\/span><\/p>\n<p><span title=\"Post- och telestyrelsen, Bredbandsforum, EkoT Konsult, Eltel Networks Infranet, \">Post- och telestyrelsen, Bredbandsforum, EkoT Konsult, Eltel Networks Infranet, Vinnergi , Utsikt Bredband,<br \/>\nEduGrade, STF Ingenj\u00f6rsutbildning AB ,\u00a0 IP-Only, Jordbruksverket,\u00a0 Telia Infra, Stadsn\u00e4tsf\u00f6reningen, Sveriges kommuner och landsting.<\/span><\/p>\n<\/div>\n<\/div>\n<div id=\"gt-res-tools\">\n<div id=\"gt-res-tools-l\">\n<div id=\"gt-pb-star\">\n<div class=\"goog-toolbar-button goog-inline-block trans-pb-button\" tabindex=\"0\" role=\"button\" aria-hidden=\"false\" aria-label=\"Logga in om du vill spara i parl\u00f6ren\" data-tooltip=\"Logga in om du vill spara i parl\u00f6ren\" data-tooltip-align=\"t,c\"><\/div>\n<\/div>\n<div id=\"gt-res-copy\" class=\"copy-button goog-toolbar-button\" tabindex=\"0\" role=\"button\" aria-hidden=\"false\" aria-label=\"Kopiera\" data-tooltip=\"Kopiera\" data-tooltip-align=\"t,c\"><\/div>\n<div id=\"gt-res-listen\" class=\"trans-listen-button goog-toolbar-button\" tabindex=\"0\" role=\"button\" aria-hidden=\"false\" aria-pressed=\"false\" aria-label=\"Lyssna\" data-tooltip=\"Lyssna\" data-tooltip-align=\"t,c\"><\/div>\n<div id=\"gt-res-share\" class=\"share-button goog-toolbar-button\" tabindex=\"0\" role=\"button\" aria-hidden=\"false\" aria-label=\"Dela\" data-tooltip=\"Dela\" data-tooltip-align=\"t,c\"><\/div>\n<\/div>\n<\/div>\n","protected":false},"excerpt":{"rendered":"<p>Sweden needs fiber networks that are built in a robust way. Robust fiber is an industry-wide concept designed to provide clear guidance to those who want to build or procure robust and reliable fiber networks. So far, there has been no established standard for how a network should be placed to be robust and reliable.&nbsp;&hellip;<\/p>\n","protected":false},"author":1,"featured_media":0,"parent":0,"menu_order":0,"comment_status":"closed","ping_status":"closed","template":"","meta":{"footnotes":""},"class_list":["post-150","page","type-page","status-publish","hentry"],"_links":{"self":[{"href":"https:\/\/robustfiber.eu\/index.php\/wp-json\/wp\/v2\/pages\/150","targetHints":{"allow":["GET"]}}],"collection":[{"href":"https:\/\/robustfiber.eu\/index.php\/wp-json\/wp\/v2\/pages"}],"about":[{"href":"https:\/\/robustfiber.eu\/index.php\/wp-json\/wp\/v2\/types\/page"}],"author":[{"embeddable":true,"href":"https:\/\/robustfiber.eu\/index.php\/wp-json\/wp\/v2\/users\/1"}],"replies":[{"embeddable":true,"href":"https:\/\/robustfiber.eu\/index.php\/wp-json\/wp\/v2\/comments?post=150"}],"version-history":[{"count":4,"href":"https:\/\/robustfiber.eu\/index.php\/wp-json\/wp\/v2\/pages\/150\/revisions"}],"predecessor-version":[{"id":242,"href":"https:\/\/robustfiber.eu\/index.php\/wp-json\/wp\/v2\/pages\/150\/revisions\/242"}],"wp:attachment":[{"href":"https:\/\/robustfiber.eu\/index.php\/wp-json\/wp\/v2\/media?parent=150"}],"curies":[{"name":"wp","href":"https:\/\/api.w.org\/{rel}","templated":true}]}}